{"id":2,"date":"2025-02-16T21:52:35","date_gmt":"2025-02-16T20:52:35","guid":{"rendered":"http:\/\/harmoniaumyslu.com\/?page_id=2"},"modified":"2025-03-11T22:22:56","modified_gmt":"2025-03-11T21:22:56","slug":"page-d-exemple","status":"publish","type":"page","link":"https:\/\/harmoniaumyslu.com\/index.php\/page-d-exemple\/","title":{"rendered":"Dane kontaktowe"},"content":{"rendered":"<h2 class=\"wp-block-heading\"><\/h2><p class=\"has-large-font-size\"><\/p><div class=\"wp-block-image\"><figure class=\"aligncenter size-large\"><img loading=\"lazy\" decoding=\"async\" width=\"1024\" height=\"636\" src=\"https:\/\/harmoniaumyslu.com\/wp-content\/uploads\/2025\/03\/image-4-1024x636.png\" alt=\"\" class=\"wp-image-201\" srcset=\"https:\/\/harmoniaumyslu.com\/wp-content\/uploads\/2025\/03\/image-4-1024x636.png 1024w, https:\/\/harmoniaumyslu.com\/wp-content\/uploads\/2025\/03\/image-4-300x186.png 300w, https:\/\/harmoniaumyslu.com\/wp-content\/uploads\/2025\/03\/image-4-768x477.png 768w, https:\/\/harmoniaumyslu.com\/wp-content\/uploads\/2025\/03\/image-4-600x373.png 600w, https:\/\/harmoniaumyslu.com\/wp-content\/uploads\/2025\/03\/image-4.png 1401w\" sizes=\"auto, (max-width: 1024px) 100vw, 1024px\" \/><\/figure><\/div><p class=\"has-large-font-size\"><\/p><div class=\"wp-block-ive-google-map alignnone ive_google_map_2e7d22-d3\"><div id=\"overlay\" style=\"cursor:pointer\"><\/div><div class=\"ive-google-map__wrap\" id=\"ive-google-map-502e7d22-d329-406c-a566-cc0dbd7cce97\"><iframe class=\"ive-google-map__iframe\" src=\"https:\/\/maps.google.com\/maps?q=W%C4%85growiec%2C%20ul.%20%C5%9Arednia%202&amp;t=&amp;z=12&amp;ie=UTF8&amp;iwloc=&amp;output=embed\" style=\"height:300px;width:100%;opacity:1\"><\/iframe><\/div><\/div><h2 class=\"wp-block-heading\"><\/h2><figure class=\"wp-block-image size-large is-resized\"><img loading=\"lazy\" decoding=\"async\" width=\"1024\" height=\"186\" src=\"https:\/\/harmoniaumyslu.com\/wp-content\/uploads\/2025\/03\/image-1024x186.png\" alt=\"\" class=\"wp-image-182\" style=\"width:567px;height:auto\" srcset=\"https:\/\/harmoniaumyslu.com\/wp-content\/uploads\/2025\/03\/image-1024x186.png 1024w, https:\/\/harmoniaumyslu.com\/wp-content\/uploads\/2025\/03\/image-300x55.png 300w, https:\/\/harmoniaumyslu.com\/wp-content\/uploads\/2025\/03\/image-768x140.png 768w, https:\/\/harmoniaumyslu.com\/wp-content\/uploads\/2025\/03\/image-600x109.png 600w, https:\/\/harmoniaumyslu.com\/wp-content\/uploads\/2025\/03\/image.png 1332w\" sizes=\"auto, (max-width: 1024px) 100vw, 1024px\" \/><\/figure><h2 class=\"wp-block-heading\"><\/h2><p class=\"has-large-font-size\"><\/p><div class=\"wp-block-image\"><figure class=\"aligncenter size-large\"><img loading=\"lazy\" decoding=\"async\" width=\"1024\" height=\"552\" src=\"https:\/\/harmoniaumyslu.com\/wp-content\/uploads\/2025\/03\/image-5-1024x552.png\" alt=\"\" class=\"wp-image-203\" srcset=\"https:\/\/harmoniaumyslu.com\/wp-content\/uploads\/2025\/03\/image-5-1024x552.png 1024w, https:\/\/harmoniaumyslu.com\/wp-content\/uploads\/2025\/03\/image-5-300x162.png 300w, https:\/\/harmoniaumyslu.com\/wp-content\/uploads\/2025\/03\/image-5-768x414.png 768w, https:\/\/harmoniaumyslu.com\/wp-content\/uploads\/2025\/03\/image-5-600x323.png 600w, https:\/\/harmoniaumyslu.com\/wp-content\/uploads\/2025\/03\/image-5.png 1304w\" sizes=\"auto, (max-width: 1024px) 100vw, 1024px\" \/><\/figure><\/div><p class=\"has-large-font-size\"><\/p><div class=\"wp-block-ive-google-map alignnone ive_google_map_20b926-5e\"><div id=\"overlay\" style=\"cursor:pointer\"><\/div><div class=\"ive-google-map__wrap\" id=\"ive-google-map-f120b926-5e77-47f6-90e3-ac6e6a3c50cf\"><iframe class=\"ive-google-map__iframe\" src=\"https:\/\/maps.google.com\/maps?q=W%C4%85growiec%2C%20Straszewska%2032A&amp;t=&amp;z=12&amp;ie=UTF8&amp;iwloc=&amp;output=embed\" style=\"height:300px;width:100%;opacity:1\"><\/iframe><\/div><\/div><h2 class=\"wp-block-heading\"><\/h2><figure class=\"wp-block-image size-large is-resized\"><img loading=\"lazy\" decoding=\"async\" width=\"1024\" height=\"186\" src=\"https:\/\/harmoniaumyslu.com\/wp-content\/uploads\/2025\/03\/image-1024x186.png\" alt=\"\" class=\"wp-image-182\" style=\"width:661px;height:auto\" srcset=\"https:\/\/harmoniaumyslu.com\/wp-content\/uploads\/2025\/03\/image-1024x186.png 1024w, https:\/\/harmoniaumyslu.com\/wp-content\/uploads\/2025\/03\/image-300x55.png 300w, https:\/\/harmoniaumyslu.com\/wp-content\/uploads\/2025\/03\/image-768x140.png 768w, https:\/\/harmoniaumyslu.com\/wp-content\/uploads\/2025\/03\/image-600x109.png 600w, https:\/\/harmoniaumyslu.com\/wp-content\/uploads\/2025\/03\/image.png 1332w\" sizes=\"auto, (max-width: 1024px) 100vw, 1024px\" \/><\/figure><p class=\"has-large-font-size\">Formularz kontaktowy:<\/p><p class=\"has-large-font-size\"><\/p><div class=\"ive-form ive-form_1b5123-ef\" id=\"gkt_form_5f5b879a\">\n          <form method=\"POST\" name=\"ive-form\" action=\"\/index.php\/wp-json\/wp\/v2\/pages\/2#gkt_form_5f5b879a\">\n            <div class=\"ive-form-field ive-form-field-name form_name_1f7de1-8d none-center\">\n                          <label class=\"ive-form-field-label\"  for=\"gkt_form_5f5b879a_field_name\">\n          Pan\/Pani        <\/label>\n            <input type=\"hidden\" name=\"field_name[label]\" value=\"Pan\/Pani\" \/>\n      \n            \n                <input type=\"text\"  name=\"field_name[value]\" id=\"gkt_form_5f5b879a_field_name\" \/>\n\n                \n            \n                    <\/div>\n\n<div class=\"ive-form-field ive-form-field-email form_Email_ab4ec6-44 none-center\">\n                          <label class=\"ive-form-field-label\"  for=\"gkt_form_5f5b879a_field_email\">\n          Adres email, na kt\u00f3ry wy\u015blemy odpowied\u017a<span class=\"required\">*<\/span>        <\/label>\n            <input type=\"hidden\" name=\"field_email[label]\" value=\"Adres email, na kt\u00f3ry wy\u015blemy odpowied\u017a\" \/>\n      \n            \n                <input type=\"email\"  required=\"required\" name=\"field_email[value]\" id=\"gkt_form_5f5b879a_field_email\" \/>\n\n                \n                    <\/div>\n\n<div class=\"ive-form-field ive-form-field-text form_text_f774aa-52 none-center\">\n                          <label class=\"ive-form-field-label\"  for=\"gkt_form_5f5b879a_field_subject\">\n          Temat zapytania<span class=\"required\">*<\/span>        <\/label>\n            <input type=\"hidden\" name=\"field_subject[label]\" value=\"Temat zapytania\" \/>\n      \n            <input type=\"text\"  required=\"required\" name=\"field_subject[value]\" id=\"gkt_form_5f5b879a_field_subject\" \/>\n\n                    <\/div>\n\n<div class=\"ive-form-field ive-form-field-textarea form_textarea_365fc2-74 none-center\">\n                          <label class=\"ive-form-field-label\"  for=\"gkt_form_5f5b879a_field_message\">\n          Tre\u015b\u0107 wiadomo\u015bci<span class=\"required\">*<\/span>        <\/label>\n            <input type=\"hidden\" name=\"field_message[label]\" value=\"Tre\u015b\u0107 wiadomo\u015bci\" \/>\n      \n            <textarea  required=\"required\" name=\"field_message[value]\" id=\"gkt_form_5f5b879a_field_message\"><\/textarea>\n\n                    <\/div>\n\n<div class=\"ive-form-submit-button\"><button class=\"ive-button ive-button-_b41088-a7 none-center ive-button-md ive-button-with-outline\"><span class=\"ive-button-text\"> Prze\u015blij <\/span><\/button><\/div><input type=\"hidden\" id=\"gkt_form_5f5b879a\" name=\"gkt_form_5f5b879a\" value=\"b643ea597a\" \/><input type=\"hidden\" name=\"_wp_http_referer\" value=\"\/index.php\/wp-json\/wp\/v2\/pages\/2\" \/>            <input type=\"hidden\" name=\"ive_form_id\" value=\"gkt_form_5f5b879a\">\n                      <\/form>\n        <\/div><p><\/p>","protected":false},"excerpt":{"rendered":"<p>Formularz kontaktowy:<\/p>\n","protected":false},"author":1,"featured_media":171,"parent":0,"menu_order":0,"comment_status":"closed","ping_status":"open","template":"","meta":{"_regular_price":[],"currency_symbol":[],"footnotes":""},"class_list":["post-2","page","type-page","status-publish","has-post-thumbnail","hentry"],"post_slider_layout_featured_media_urls":{"thumbnail":["https:\/\/harmoniaumyslu.com\/wp-content\/uploads\/2025\/02\/szary-pasek-150x150.png",150,150,true],"post_slider_layout_landscape_large":["https:\/\/harmoniaumyslu.com\/wp-content\/uploads\/2025\/02\/szary-pasek-1200x177.png",1200,177,true],"post_slider_layout_portrait_large":["https:\/\/harmoniaumyslu.com\/wp-content\/uploads\/2025\/02\/szary-pasek-1200x177.png",1200,177,true],"post_slider_layout_square_large":["https:\/\/harmoniaumyslu.com\/wp-content\/uploads\/2025\/02\/szary-pasek-1200x177.png",1200,177,true],"post_slider_layout_landscape":["https:\/\/harmoniaumyslu.com\/wp-content\/uploads\/2025\/02\/szary-pasek-600x177.png",600,177,true],"post_slider_layout_portrait":["https:\/\/harmoniaumyslu.com\/wp-content\/uploads\/2025\/02\/szary-pasek-600x177.png",600,177,true],"post_slider_layout_square":["https:\/\/harmoniaumyslu.com\/wp-content\/uploads\/2025\/02\/szary-pasek-600x177.png",600,177,true],"full":["https:\/\/harmoniaumyslu.com\/wp-content\/uploads\/2025\/02\/szary-pasek.png",1294,177,false]},"jetpack_sharing_enabled":true,"_links":{"self":[{"href":"https:\/\/harmoniaumyslu.com\/index.php\/wp-json\/wp\/v2\/pages\/2","targetHints":{"allow":["GET"]}}],"collection":[{"href":"https:\/\/harmoniaumyslu.com\/index.php\/wp-json\/wp\/v2\/pages"}],"about":[{"href":"https:\/\/harmoniaumyslu.com\/index.php\/wp-json\/wp\/v2\/types\/page"}],"author":[{"embeddable":true,"href":"https:\/\/harmoniaumyslu.com\/index.php\/wp-json\/wp\/v2\/users\/1"}],"replies":[{"embeddable":true,"href":"https:\/\/harmoniaumyslu.com\/index.php\/wp-json\/wp\/v2\/comments?post=2"}],"version-history":[{"count":20,"href":"https:\/\/harmoniaumyslu.com\/index.php\/wp-json\/wp\/v2\/pages\/2\/revisions"}],"predecessor-version":[{"id":205,"href":"https:\/\/harmoniaumyslu.com\/index.php\/wp-json\/wp\/v2\/pages\/2\/revisions\/205"}],"wp:featuredmedia":[{"embeddable":true,"href":"https:\/\/harmoniaumyslu.com\/index.php\/wp-json\/wp\/v2\/media\/171"}],"wp:attachment":[{"href":"https:\/\/harmoniaumyslu.com\/index.php\/wp-json\/wp\/v2\/media?parent=2"}],"curies":[{"name":"wp","href":"https:\/\/api.w.org\/{rel}","templated":true}]}}