{"id":240,"date":"2025-03-11T22:56:19","date_gmt":"2025-03-11T21:56:19","guid":{"rendered":"https:\/\/harmoniaumyslu.com\/?page_id=240"},"modified":"2025-03-16T20:52:27","modified_gmt":"2025-03-16T19:52:27","slug":"umow-wizyte","status":"publish","type":"page","link":"https:\/\/harmoniaumyslu.com\/index.php\/umow-wizyte\/","title":{"rendered":"Um\u00f3w wizyt\u0119"},"content":{"rendered":"<p><\/p><p class=\"has-text-align-center\">Chwilowy brak mo\u017cliwo\u015bci umawiania wizyty internetowo&#8230; Przepraszamy za utrudnienia<\/p><p><\/p><p class=\"has-text-align-center\">W celu um\u00f3wienia wizyty, prosimy o kontakt poprzez wiadomo\u015b\u0107 <strong>SMS<\/strong> pod numerem <strong>732-492-623<\/strong>.<\/p><p class=\"has-text-align-center\">(po otrzymaniu SMS-a skontaktujemy si\u0119 z Pa\u0144stwem w celu ustalenia terminu wizyty)<\/p><figure class=\"wp-block-image size-large\"><img loading=\"lazy\" decoding=\"async\" width=\"1024\" height=\"122\" src=\"https:\/\/harmoniaumyslu.com\/wp-content\/uploads\/2025\/03\/image-23-1024x122.png\" alt=\"\" class=\"wp-image-250\" srcset=\"https:\/\/harmoniaumyslu.com\/wp-content\/uploads\/2025\/03\/image-23-1024x122.png 1024w, https:\/\/harmoniaumyslu.com\/wp-content\/uploads\/2025\/03\/image-23-300x36.png 300w, https:\/\/harmoniaumyslu.com\/wp-content\/uploads\/2025\/03\/image-23-768x92.png 768w, https:\/\/harmoniaumyslu.com\/wp-content\/uploads\/2025\/03\/image-23-600x72.png 600w, https:\/\/harmoniaumyslu.com\/wp-content\/uploads\/2025\/03\/image-23.png 1330w\" sizes=\"auto, (max-width: 1024px) 100vw, 1024px\" \/><\/figure><p class=\"has-text-align-center\">P\u0142atno\u015b\u0107 realizowana jest got\u00f3wk\u0105 na miejscu po odbyciu wizyty<\/p><p class=\"has-text-align-center\">lub przelewem minimum 24h przed terminem wizyty.<\/p><figure class=\"wp-block-image size-large\"><img loading=\"lazy\" decoding=\"async\" width=\"1024\" height=\"122\" src=\"https:\/\/harmoniaumyslu.com\/wp-content\/uploads\/2025\/03\/image-22-1024x122.png\" alt=\"\" class=\"wp-image-249\" srcset=\"https:\/\/harmoniaumyslu.com\/wp-content\/uploads\/2025\/03\/image-22-1024x122.png 1024w, https:\/\/harmoniaumyslu.com\/wp-content\/uploads\/2025\/03\/image-22-300x36.png 300w, https:\/\/harmoniaumyslu.com\/wp-content\/uploads\/2025\/03\/image-22-768x92.png 768w, https:\/\/harmoniaumyslu.com\/wp-content\/uploads\/2025\/03\/image-22-600x72.png 600w, https:\/\/harmoniaumyslu.com\/wp-content\/uploads\/2025\/03\/image-22.png 1330w\" sizes=\"auto, (max-width: 1024px) 100vw, 1024px\" \/><\/figure><p class=\"has-text-align-center\">Dane do przelewu:<\/p><p class=\"has-text-align-center\">Nr konta: 24 1090 1317 0000 0001 5675 1242<\/p><p class=\"has-text-align-center\">Dane odbiorcy: Anna \u015amigielska BIA\u0141ECKA Brand<\/p><p class=\"has-text-align-center\">Tytu\u0142 przelewu: Imi\u0119 i Nazwisko, Data i godzina wizyty (np. Jan Kowalski, 18.03.25 16:00)<\/p>","protected":false},"excerpt":{"rendered":"<p>Chwilowy brak mo\u017cliwo\u015bci umawiania wizyty internetowo&#8230; Przepraszamy za utrudnienia W celu um\u00f3wienia wizyty, prosimy o kontakt poprzez wiadomo\u015b\u0107 SMS pod numerem 732-492-623. (po otrzymaniu SMS-a skontaktujemy si\u0119 z Pa\u0144stwem w celu ustalenia terminu wizyty) P\u0142atno\u015b\u0107 realizowana jest got\u00f3wk\u0105 na miejscu po odbyciu wizyty lub przelewem minimum 24h przed terminem wizyty. &hellip; <\/p>\n","protected":false},"author":1,"featured_media":171,"parent":0,"menu_order":0,"comment_status":"closed","ping_status":"closed","template":"","meta":{"_regular_price":[],"currency_symbol":[],"footnotes":""},"class_list":["post-240","page","type-page","status-publish","has-post-thumbnail","hentry"],"post_slider_layout_featured_media_urls":{"thumbnail":["https:\/\/harmoniaumyslu.com\/wp-content\/uploads\/2025\/02\/szary-pasek-150x150.png",150,150,true],"post_slider_layout_landscape_large":["https:\/\/harmoniaumyslu.com\/wp-content\/uploads\/2025\/02\/szary-pasek-1200x177.png",1200,177,true],"post_slider_layout_portrait_large":["https:\/\/harmoniaumyslu.com\/wp-content\/uploads\/2025\/02\/szary-pasek-1200x177.png",1200,177,true],"post_slider_layout_square_large":["https:\/\/harmoniaumyslu.com\/wp-content\/uploads\/2025\/02\/szary-pasek-1200x177.png",1200,177,true],"post_slider_layout_landscape":["https:\/\/harmoniaumyslu.com\/wp-content\/uploads\/2025\/02\/szary-pasek-600x177.png",600,177,true],"post_slider_layout_portrait":["https:\/\/harmoniaumyslu.com\/wp-content\/uploads\/2025\/02\/szary-pasek-600x177.png",600,177,true],"post_slider_layout_square":["https:\/\/harmoniaumyslu.com\/wp-content\/uploads\/2025\/02\/szary-pasek-600x177.png",600,177,true],"full":["https:\/\/harmoniaumyslu.com\/wp-content\/uploads\/2025\/02\/szary-pasek.png",1294,177,false]},"jetpack_sharing_enabled":true,"_links":{"self":[{"href":"https:\/\/harmoniaumyslu.com\/index.php\/wp-json\/wp\/v2\/pages\/240","targetHints":{"allow":["GET"]}}],"collection":[{"href":"https:\/\/harmoniaumyslu.com\/index.php\/wp-json\/wp\/v2\/pages"}],"about":[{"href":"https:\/\/harmoniaumyslu.com\/index.php\/wp-json\/wp\/v2\/types\/page"}],"author":[{"embeddable":true,"href":"https:\/\/harmoniaumyslu.com\/index.php\/wp-json\/wp\/v2\/users\/1"}],"replies":[{"embeddable":true,"href":"https:\/\/harmoniaumyslu.com\/index.php\/wp-json\/wp\/v2\/comments?post=240"}],"version-history":[{"count":6,"href":"https:\/\/harmoniaumyslu.com\/index.php\/wp-json\/wp\/v2\/pages\/240\/revisions"}],"predecessor-version":[{"id":254,"href":"https:\/\/harmoniaumyslu.com\/index.php\/wp-json\/wp\/v2\/pages\/240\/revisions\/254"}],"wp:featuredmedia":[{"embeddable":true,"href":"https:\/\/harmoniaumyslu.com\/index.php\/wp-json\/wp\/v2\/media\/171"}],"wp:attachment":[{"href":"https:\/\/harmoniaumyslu.com\/index.php\/wp-json\/wp\/v2\/media?parent=240"}],"curies":[{"name":"wp","href":"https:\/\/api.w.org\/{rel}","templated":true}]}}